{"id":68,"date":"2025-05-28T22:00:15","date_gmt":"2025-05-28T22:00:15","guid":{"rendered":"https:\/\/sev.cl\/?page_id=68"},"modified":"2026-03-15T02:09:49","modified_gmt":"2026-03-15T02:09:49","slug":"socios","status":"publish","type":"page","link":"https:\/\/sev.cl\/index.php\/socios\/","title":{"rendered":"Socios"},"content":{"rendered":"<style>\n.socios-header{padding-bottom:2rem;margin-bottom:2.5rem;border-bottom:2px solid #e0e0e0;max-width:800px;margin-left:auto;margin-right:auto;}\n.socios-name{font-size:1.5em !important;font-weight:700 !important;line-height:1.2 !important;margin-bottom:0.5rem !important;padding:0 !important;}\n.socios-subtitle{font-size:0.95em !important;color:#777 !important;margin-bottom:0 !important;padding:0 !important;}\n.socios-body{max-width:800px;margin:0 auto;}\n.socios-seccion-label{font-size:0.65em !important;letter-spacing:0.16em !important;text-transform:uppercase !important;color:#aaa !important;display:block !important;margin-bottom:1rem !important;padding-bottom:0.75rem !important;border-bottom:1px solid #eee !important;}\n.socios-grid-wrap{overflow:hidden !important;}\n.socio-item{display:flex !important;align-items:center !important;gap:12px !important;padding:0.85rem 0.5rem !important;border-bottom:1px solid #f0f0f0 !important;border-top:none !important;border-left:none !important;border-right:none !important;margin:0 !important;width:50% !important;box-sizing:border-box !important;float:left !important;}\n@media(max-width:560px){.socio-item{width:100% !important;float:none !important;}}\n.socio-item:nth-child(4n+1),.socio-item:nth-child(4n+2){background:#f7f9fb !important;}\n.socio-item:nth-child(4n+3),.socio-item:nth-child(4n+4){background:#ffffff !important;}\n.socio-num{font-size:0.72em !important;color:#2E86AB !important;font-weight:700 !important;min-width:28px !important;text-align:right !important;flex-shrink:0 !important;}\n.socio-nombre{font-size:16px !important;line-height:1.4 !important;color:inherit !important;flex:1 !important;}\n<\/style>\n<div class=\"socios-header\">\n<p class=\"socios-name\">Lista de Socios SEV<\/p>\n<p class=\"socios-subtitle\">Sociedad de Endodoncia de Valpara\u00edso<\/p>\n<\/div>\n<div class=\"socios-body\">\n  <span class=\"socios-seccion-label\">N\u00f3mina de socios<\/span><\/p>\n<div class=\"socios-grid-wrap\">\n<div class=\"socio-item\"><span class=\"socio-num\">1<\/span><span class=\"socio-nombre\">Adelsdorfer Orellana Joyce<\/span><\/div>\n<div class=\"socio-item\"><span class=\"socio-num\">2<\/span><span class=\"socio-nombre\">Alarc\u00f3n Goldenberg Pedro<\/span><\/div>\n<div class=\"socio-item\"><span class=\"socio-num\">3<\/span><span class=\"socio-nombre\">Amin Merino Marta<\/span><\/div>\n<div class=\"socio-item\"><span class=\"socio-num\">4<\/span><span class=\"socio-nombre\">Araya Costa Macarena<\/span><\/div>\n<div class=\"socio-item\"><span class=\"socio-num\">5<\/span><span class=\"socio-nombre\">Arellano Sehlke Valeria<\/span><\/div>\n<div class=\"socio-item\"><span class=\"socio-num\">6<\/span><span class=\"socio-nombre\">Arredondo Inostroza Gabriela<\/span><\/div>\n<div class=\"socio-item\"><span class=\"socio-num\">7<\/span><span class=\"socio-nombre\">Bravo Carrasco Sebasti\u00e1n<\/span><\/div>\n<div class=\"socio-item\"><span class=\"socio-num\">8<\/span><span class=\"socio-nombre\">Bianchetti Vacarezza Victorio<\/span><\/div>\n<div class=\"socio-item\"><span class=\"socio-num\">9<\/span><span class=\"socio-nombre\">Buhheister Herrera Germ\u00e1n<\/span><\/div>\n<div class=\"socio-item\"><span class=\"socio-num\">10<\/span><span class=\"socio-nombre\">Cabello Zurita Javiera<\/span><\/div>\n<div class=\"socio-item\"><span class=\"socio-num\">11<\/span><span class=\"socio-nombre\">Cabrera Avila Consuelo<\/span><\/div>\n<div class=\"socio-item\"><span class=\"socio-num\">12<\/span><span class=\"socio-nombre\">Cabrera Alfaro Valentina<\/span><\/div>\n<div class=\"socio-item\"><span class=\"socio-num\">13<\/span><span class=\"socio-nombre\">C\u00e1ceres Henriquez Paulina<\/span><\/div>\n<div class=\"socio-item\"><span class=\"socio-num\">14<\/span><span class=\"socio-nombre\">C\u00e1ceres Retamal Carolina<\/span><\/div>\n<div class=\"socio-item\"><span class=\"socio-num\">15<\/span><span class=\"socio-nombre\">Campo Z\u00fa\u00f1iga Mar\u00eda Fernanda<\/span><\/div>\n<div class=\"socio-item\"><span class=\"socio-num\">16<\/span><span class=\"socio-nombre\">Caro Molina Alicia<\/span><\/div>\n<div class=\"socio-item\"><span class=\"socio-num\">17<\/span><span class=\"socio-nombre\">Castro Otero Dagoberto<\/span><\/div>\n<div class=\"socio-item\"><span class=\"socio-num\">18<\/span><span class=\"socio-nombre\">Contreras Z\u00fa\u00f1iga Paola<\/span><\/div>\n<div class=\"socio-item\"><span class=\"socio-num\">19<\/span><span class=\"socio-nombre\">Correa Torres Ruperto<\/span><\/div>\n<div class=\"socio-item\"><span class=\"socio-num\">20<\/span><span class=\"socio-nombre\">Corval\u00e1n Miranda Florencia<\/span><\/div>\n<div class=\"socio-item\"><span class=\"socio-num\">21<\/span><span class=\"socio-nombre\">De la Maza Camus Francisco<\/span><\/div>\n<div class=\"socio-item\"><span class=\"socio-num\">22<\/span><span class=\"socio-nombre\">D\u00edaz Z\u00fa\u00f1iga Ruth<\/span><\/div>\n<div class=\"socio-item\"><span class=\"socio-num\">23<\/span><span class=\"socio-nombre\">Elgueta Bassaletti Mar\u00eda Jos\u00e9<\/span><\/div>\n<div class=\"socio-item\"><span class=\"socio-num\">24<\/span><span class=\"socio-nombre\">Elicer Noel Michelle<\/span><\/div>\n<div class=\"socio-item\"><span class=\"socio-num\">25<\/span><span class=\"socio-nombre\">Estay Pe\u00f1a Mart\u00edn<\/span><\/div>\n<div class=\"socio-item\"><span class=\"socio-num\">26<\/span><span class=\"socio-nombre\">Fern\u00e1ndez Gonz\u00e1lez Javier<\/span><\/div>\n<div class=\"socio-item\"><span class=\"socio-num\">27<\/span><span class=\"socio-nombre\">Flores Acevedo Kathia<\/span><\/div>\n<div class=\"socio-item\"><span class=\"socio-num\">28<\/span><span class=\"socio-nombre\">Flores Molina Marcela<\/span><\/div>\n<div class=\"socio-item\"><span class=\"socio-num\">29<\/span><span class=\"socio-nombre\">Fuenzalida Novajas Emma<\/span><\/div>\n<div class=\"socio-item\"><span class=\"socio-num\">30<\/span><span class=\"socio-nombre\">Galleguillos Vidal Pablo<\/span><\/div>\n<div class=\"socio-item\"><span class=\"socio-num\">31<\/span><span class=\"socio-nombre\">Gandarillas Fuentes Hernan Marcelo<\/span><\/div>\n<div class=\"socio-item\"><span class=\"socio-num\">32<\/span><span class=\"socio-nombre\">Gatica Berrueta Carla<\/span><\/div>\n<div class=\"socio-item\"><span class=\"socio-num\">33<\/span><span class=\"socio-nombre\">G\u00f3mez San Mart\u00edn Priscila<\/span><\/div>\n<div class=\"socio-item\"><span class=\"socio-num\">34<\/span><span class=\"socio-nombre\">Hern\u00e1ndez Retamal Ariana<\/span><\/div>\n<div class=\"socio-item\"><span class=\"socio-num\">35<\/span><span class=\"socio-nombre\">Hidalgo Roldan Leslie<\/span><\/div>\n<div class=\"socio-item\"><span class=\"socio-num\">36<\/span><span class=\"socio-nombre\">Inostroza Jara Leslie<\/span><\/div>\n<div class=\"socio-item\"><span class=\"socio-num\">37<\/span><span class=\"socio-nombre\">Irigoyen Ar\u00edas Aitziber<\/span><\/div>\n<div class=\"socio-item\"><span class=\"socio-num\">38<\/span><span class=\"socio-nombre\">Larral Contreras Xaviera<\/span><\/div>\n<div class=\"socio-item\"><span class=\"socio-num\">39<\/span><span class=\"socio-nombre\">Leiva Rivera Camila<\/span><\/div>\n<div class=\"socio-item\"><span class=\"socio-num\">40<\/span><span class=\"socio-nombre\">Lobos Campos Gabriela<\/span><\/div>\n<div class=\"socio-item\"><span class=\"socio-num\">41<\/span><span class=\"socio-nombre\">L\u00f3pez Barr\u00eda Camila<\/span><\/div>\n<div class=\"socio-item\"><span class=\"socio-num\">42<\/span><span class=\"socio-nombre\">Luna Ruiz Lohana<\/span><\/div>\n<div class=\"socio-item\"><span class=\"socio-num\">43<\/span><span class=\"socio-nombre\">Mantilla Soffia Andrea<\/span><\/div>\n<div class=\"socio-item\"><span class=\"socio-num\">44<\/span><span class=\"socio-nombre\">Mar\u00edn Gonz\u00e1lez Soledad<\/span><\/div>\n<div class=\"socio-item\"><span class=\"socio-num\">45<\/span><span class=\"socio-nombre\">Mart\u00edn Rodr\u00edguez Loreto<\/span><\/div>\n<div class=\"socio-item\"><span class=\"socio-num\">46<\/span><span class=\"socio-nombre\">Marshall Baburizza Maureen<\/span><\/div>\n<div class=\"socio-item\"><span class=\"socio-num\">47<\/span><span class=\"socio-nombre\">Marzan Acevedo Jenny<\/span><\/div>\n<div class=\"socio-item\"><span class=\"socio-num\">48<\/span><span class=\"socio-nombre\">Mena Becerra Fernanda<\/span><\/div>\n<div class=\"socio-item\"><span class=\"socio-num\">49<\/span><span class=\"socio-nombre\">Mercado Gallo M\u00f3nica<\/span><\/div>\n<div class=\"socio-item\"><span class=\"socio-num\">50<\/span><span class=\"socio-nombre\">Minetto Squadritto Rossana<\/span><\/div>\n<div class=\"socio-item\"><span class=\"socio-num\">51<\/span><span class=\"socio-nombre\">Moenne Gonz\u00e1lez Mar\u00eda Ignacia<\/span><\/div>\n<div class=\"socio-item\"><span class=\"socio-num\">52<\/span><span class=\"socio-nombre\">Monta\u00f1o Fuentes Mar\u00eda Claudia<\/span><\/div>\n<div class=\"socio-item\"><span class=\"socio-num\">53<\/span><span class=\"socio-nombre\">Mora Frigolett Mar\u00eda Jos\u00e9<\/span><\/div>\n<div class=\"socio-item\"><span class=\"socio-num\">54<\/span><span class=\"socio-nombre\">Moraga Miranda Natalia<\/span><\/div>\n<div class=\"socio-item\"><span class=\"socio-num\">55<\/span><span class=\"socio-nombre\">Nazar Misleh Patricia<\/span><\/div>\n<div class=\"socio-item\"><span class=\"socio-num\">56<\/span><span class=\"socio-nombre\">Olivares Escobar Beatriz<\/span><\/div>\n<div class=\"socio-item\"><span class=\"socio-num\">57<\/span><span class=\"socio-nombre\">Olmos Acu\u00f1a Hesel<\/span><\/div>\n<div class=\"socio-item\"><span class=\"socio-num\">58<\/span><span class=\"socio-nombre\">Oneto Hern\u00e1ndez Valeria<\/span><\/div>\n<div class=\"socio-item\"><span class=\"socio-num\">59<\/span><span class=\"socio-nombre\">Pino Matus Ricardo<\/span><\/div>\n<div class=\"socio-item\"><span class=\"socio-num\">60<\/span><span class=\"socio-nombre\">Ram\u00edrez Lambert Constanza<\/span><\/div>\n<div class=\"socio-item\"><span class=\"socio-num\">61<\/span><span class=\"socio-nombre\">Romero Mi\u00f1o Mar\u00eda Eliana<\/span><\/div>\n<div class=\"socio-item\"><span class=\"socio-num\">62<\/span><span class=\"socio-nombre\">Salinas Molina Mar\u00eda Fernanda<\/span><\/div>\n<div class=\"socio-item\"><span class=\"socio-num\">63<\/span><span class=\"socio-nombre\">Sciaccaluga P\u00e9rez Rina<\/span><\/div>\n<div class=\"socio-item\"><span class=\"socio-num\">64<\/span><span class=\"socio-nombre\">Sep\u00falveda Vargas Pamela<\/span><\/div>\n<div class=\"socio-item\"><span class=\"socio-num\">65<\/span><span class=\"socio-nombre\">Solari Pickering Cayetana<\/span><\/div>\n<div class=\"socio-item\"><span class=\"socio-num\">66<\/span><span class=\"socio-nombre\">Tomasello Rayo Diego<\/span><\/div>\n<div class=\"socio-item\"><span class=\"socio-num\">67<\/span><span class=\"socio-nombre\">Urrutia Vargas Enrique<\/span><\/div>\n<div class=\"socio-item\"><span class=\"socio-num\">68<\/span><span class=\"socio-nombre\">Vera Sep\u00falveda Macarena<\/span><\/div>\n<div class=\"socio-item\"><span class=\"socio-num\">69<\/span><span class=\"socio-nombre\">Vergara Catal\u00e1n Fernando<\/span><\/div>\n<div class=\"socio-item\"><span class=\"socio-num\">70<\/span><span class=\"socio-nombre\">Vergara Olmos Daniela<\/span><\/div>\n<div class=\"socio-item\"><span class=\"socio-num\">71<\/span><span class=\"socio-nombre\">Vial Rojas Paulina<\/span><\/div>\n<div class=\"socio-item\"><span class=\"socio-num\">72<\/span><span class=\"socio-nombre\">Vicencio C\u00e1ceres Nathalie<\/span><\/div>\n<div class=\"socio-item\"><span class=\"socio-num\">73<\/span><span class=\"socio-nombre\">Zamora \u00c1lvarez Gast\u00f3n<\/span><\/div>\n<div class=\"socio-item\"><span class=\"socio-num\">74<\/span><span class=\"socio-nombre\">Lefever B\u00e1ez Lucas<\/span><\/div>\n<\/div>\n<\/div>\n","protected":false},"excerpt":{"rendered":"<p>Lista de Socios SEV Sociedad de Endodoncia de Valpara\u00edso N\u00f3mina de socios 1Adelsdorfer Orellana Joyce 2Alarc\u00f3n Goldenberg Pedro 3Amin Merino Marta 4Araya Costa Macarena 5Arellano Sehlke Valeria 6Arredondo Inostroza Gabriela 7Bravo Carrasco Sebasti\u00e1n 8Bianchetti Vacarezza Victorio 9Buhheister Herrera Germ\u00e1n 10Cabello Zurita Javiera 11Cabrera Avila Consuelo 12Cabrera Alfaro Valentina 13C\u00e1ceres Henriquez Paulina 14C\u00e1ceres Retamal Carolina 15Campo [&hellip;]<\/p>\n","protected":false},"author":1,"featured_media":0,"parent":0,"menu_order":0,"comment_status":"closed","ping_status":"closed","template":"","meta":{"_eb_attr":"","footnotes":""},"class_list":["post-68","page","type-page","status-publish","hentry"],"_links":{"self":[{"href":"https:\/\/sev.cl\/index.php\/wp-json\/wp\/v2\/pages\/68","targetHints":{"allow":["GET"]}}],"collection":[{"href":"https:\/\/sev.cl\/index.php\/wp-json\/wp\/v2\/pages"}],"about":[{"href":"https:\/\/sev.cl\/index.php\/wp-json\/wp\/v2\/types\/page"}],"author":[{"embeddable":true,"href":"https:\/\/sev.cl\/index.php\/wp-json\/wp\/v2\/users\/1"}],"replies":[{"embeddable":true,"href":"https:\/\/sev.cl\/index.php\/wp-json\/wp\/v2\/comments?post=68"}],"version-history":[{"count":8,"href":"https:\/\/sev.cl\/index.php\/wp-json\/wp\/v2\/pages\/68\/revisions"}],"predecessor-version":[{"id":452,"href":"https:\/\/sev.cl\/index.php\/wp-json\/wp\/v2\/pages\/68\/revisions\/452"}],"wp:attachment":[{"href":"https:\/\/sev.cl\/index.php\/wp-json\/wp\/v2\/media?parent=68"}],"curies":[{"name":"wp","href":"https:\/\/api.w.org\/{rel}","templated":true}]}}