{"id":145,"date":"2025-06-12T14:57:05","date_gmt":"2025-06-12T14:57:05","guid":{"rendered":"https:\/\/sev.cl\/?page_id=145"},"modified":"2026-03-15T02:04:07","modified_gmt":"2026-03-15T02:04:07","slug":"unete-a-la-sev","status":"publish","type":"page","link":"https:\/\/sev.cl\/index.php\/unete-a-la-sev\/","title":{"rendered":"Unete a la SEV"},"content":{"rendered":"<style>\n*,*::before,*::after{box-sizing:border-box;margin:0;padding:0;}\n.unete-header{padding-bottom:2rem;margin-bottom:2.5rem;border-bottom:2px solid #e0e0e0;max-width:800px;margin-left:auto;margin-right:auto;}\n.unete-name{font-size:1.5em;font-weight:700;line-height:1.2;margin-bottom:0.5rem;}\n.unete-subtitle{font-size:0.95em;color:#777;margin-bottom:1.75rem;}\n.unete-meta{display:flex;gap:3rem;flex-wrap:wrap;}\n.unete-meta-label{font-size:0.65em;letter-spacing:0.14em;text-transform:uppercase;color:#aaa;display:block;margin-bottom:6px;}\n.unete-meta-value{font-size:0.95em;color:#444;font-weight:500;}\n\n.unete-requisitos{max-width:800px;margin:0 auto 2.5rem auto;}\n.unete-req-label{font-size:0.65em;letter-spacing:0.16em;text-transform:uppercase;color:#aaa;display:block;margin-bottom:1rem;padding-bottom:0.75rem;border-bottom:1px solid #eee;}\n.unete-req-lista{list-style:none;padding:0;margin:0;}\n.unete-req-lista li{display:flex;gap:14px;font-size:16px !important;line-height:1.85 !important;padding:1rem 0;border-bottom:1px solid #f0f0f0;}\n.unete-req-lista li:last-child{border-bottom:none;}\n.unete-req-num{color:#2E86AB;font-weight:700;font-size:0.85em;min-width:24px;flex-shrink:0;padding-top:2px;}\n.unete-req-lista a{color:#2E86AB;text-decoration:underline;}\n<\/style>\n\n<div class=\"unete-header\">\n  <div class=\"unete-name\">\u00danete a la SEV<\/div>\n  <div class=\"unete-subtitle\">Sociedad de Endodoncia de Valpara\u00edso<\/div>\n<\/div>\n\n<div class=\"unete-requisitos\">\n  <span class=\"unete-req-label\">Requisitos para ser socio SEV<\/span>\n  <ul class=\"unete-req-lista\">\n    <li>\n      <span class=\"unete-req-num\">1.<\/span>\n      <span>Ser presentado por escrito por un Socio Activo de la instituci\u00f3n, mediante una carta de recomendaci\u00f3n.<\/span>\n    <\/li>\n    <li>\n      <span class=\"unete-req-num\">2.<\/span>\n      <span>Remitir la solicitud de inscripci\u00f3n en el presente formulario. (<a href=\"https:\/\/sev.cl\/wp-content\/uploads\/2025\/06\/SOLICITUD-DE-INGRESO.pdf\">Descargar aqu\u00ed<\/a>)<\/span>\n    <\/li>\n    <li>\n      <span class=\"unete-req-num\">3.<\/span>\n      <span>Adjuntar curr\u00edculum vitae completo.<\/span>\n    <\/li>\n  <\/ul>\n<\/div>\n\n\n<div class=\"wp-block-contact-form-7-contact-form-selector\">\n<div class=\"wpcf7 no-js\" id=\"wpcf7-f148-o1\" lang=\"es-ES\" dir=\"ltr\" data-wpcf7-id=\"148\">\n<div class=\"screen-reader-response\"><p role=\"status\" aria-live=\"polite\" aria-atomic=\"true\"><\/p> <ul><\/ul><\/div>\n<form action=\"\/index.php\/wp-json\/wp\/v2\/pages\/145#wpcf7-f148-o1\" method=\"post\" class=\"wpcf7-form init\" aria-label=\"Formulario de contacto\" enctype=\"multipart\/form-data\" novalidate=\"novalidate\" data-status=\"init\">\n<fieldset class=\"hidden-fields-container\"><input type=\"hidden\" name=\"_wpcf7\" value=\"148\" \/><input type=\"hidden\" name=\"_wpcf7_version\" value=\"6.1\" \/><input type=\"hidden\" name=\"_wpcf7_locale\" value=\"es_ES\" \/><input type=\"hidden\" name=\"_wpcf7_unit_tag\" value=\"wpcf7-f148-o1\" \/><input type=\"hidden\" name=\"_wpcf7_container_post\" value=\"0\" \/><input type=\"hidden\" name=\"_wpcf7_posted_data_hash\" value=\"\" \/>\n<\/fieldset>\n<p><label> Nombre completo<br \/>\n<span class=\"wpcf7-form-control-wrap\" data-name=\"your-name\"><input size=\"40\" maxlength=\"400\" class=\"wpcf7-form-control wpcf7-text wpcf7-validates-as-required\" autocomplete=\"name\" aria-required=\"true\" aria-invalid=\"false\" value=\"\" type=\"text\" name=\"your-name\" \/><\/span> <\/label>\n<\/p>\n<p><label> Correo electr\u00f3nico<br \/>\n<span class=\"wpcf7-form-control-wrap\" data-name=\"your-email\"><input size=\"40\" maxlength=\"400\" class=\"wpcf7-form-control wpcf7-email wpcf7-validates-as-required wpcf7-text wpcf7-validates-as-email\" autocomplete=\"email\" aria-required=\"true\" aria-invalid=\"false\" value=\"\" type=\"email\" name=\"your-email\" \/><\/span> <\/label>\n<\/p>\n<p><label> Carta de Recomendaci\u00f3n Socio<br \/>\n<span class=\"wpcf7-form-control-wrap\" data-name=\"Carta\"><input size=\"40\" class=\"wpcf7-form-control wpcf7-file\" accept=\"image\/*,application\/pdf\" aria-invalid=\"false\" type=\"file\" name=\"Carta\" \/><\/span><\/label>\n<\/p>\n<p><label> Solicitud de Inscripci\u00f3n<br \/>\n<span class=\"wpcf7-form-control-wrap\" data-name=\"Inscripcion\"><input size=\"40\" class=\"wpcf7-form-control wpcf7-file\" accept=\"image\/*,application\/pdf\" aria-invalid=\"false\" type=\"file\" name=\"Inscripcion\" \/><\/span><\/label>\n<\/p>\n<p><label> CV<br \/>\n<span class=\"wpcf7-form-control-wrap\" data-name=\"CV\"><input size=\"40\" class=\"wpcf7-form-control wpcf7-file\" accept=\"image\/*,application\/pdf\" aria-invalid=\"false\" type=\"file\" name=\"CV\" \/><\/span><\/label>\n<\/p>\n<p><div class=\"cf7-cf-turnstile\" style=\"margin-top: 0px; margin-bottom: -15px;\"> <div id=\"cf-turnstile-cf7-3087858659\" class=\"cf-turnstile\" data-sitekey=\"0x4AAAAAABo-c7fvnxPOP5KG\" data-theme=\"light\" data-language=\"auto\" data-size=\"normal\" data-retry=\"auto\" data-retry-interval=\"1000\" data-action=\"contact-form-7\" data-appearance=\"always\"><\/div> <script>document.addEventListener(\"DOMContentLoaded\", function() { setTimeout(function(){ var e=document.getElementById(\"cf-turnstile-cf7-3087858659\"); e&&!e.innerHTML.trim()&&(turnstile.remove(\"#cf-turnstile-cf7-3087858659\"), turnstile.render(\"#cf-turnstile-cf7-3087858659\", {sitekey:\"0x4AAAAAABo-c7fvnxPOP5KG\"})); }, 0); });<\/script> <br class=\"cf-turnstile-br cf-turnstile-br-cf7-3087858659\"> <style>#cf-turnstile-cf7-3087858659 { margin-left: -15px; }<\/style> <script>document.addEventListener(\"DOMContentLoaded\",function(){document.querySelectorAll('.wpcf7-form').forEach(function(e){e.addEventListener('submit',function(){if(document.getElementById('cf-turnstile-cf7-3087858659')){setTimeout(function(){turnstile.reset('#cf-turnstile-cf7-3087858659');},1000)}})})});<\/script> <\/div><br\/><input class=\"wpcf7-form-control wpcf7-submit has-spinner\" type=\"submit\" value=\"Enviar\" \/>\n<\/p><div class=\"wpcf7-response-output\" aria-hidden=\"true\"><\/div>\n<\/form>\n<\/div>\n<\/div>\n","protected":false},"excerpt":{"rendered":"<p>\u00danete a la SEV Sociedad de Endodoncia de Valpara\u00edso Requisitos para ser socio SEV 1. Ser presentado por escrito por un Socio Activo de la instituci\u00f3n, mediante una carta de recomendaci\u00f3n. 2. Remitir la solicitud de inscripci\u00f3n en el presente formulario. (Descargar aqu\u00ed) 3. Adjuntar curr\u00edculum vitae completo.<\/p>\n","protected":false},"author":1,"featured_media":0,"parent":0,"menu_order":0,"comment_status":"closed","ping_status":"closed","template":"","meta":{"_eb_attr":"","footnotes":""},"class_list":["post-145","page","type-page","status-publish","hentry"],"_links":{"self":[{"href":"https:\/\/sev.cl\/index.php\/wp-json\/wp\/v2\/pages\/145","targetHints":{"allow":["GET"]}}],"collection":[{"href":"https:\/\/sev.cl\/index.php\/wp-json\/wp\/v2\/pages"}],"about":[{"href":"https:\/\/sev.cl\/index.php\/wp-json\/wp\/v2\/types\/page"}],"author":[{"embeddable":true,"href":"https:\/\/sev.cl\/index.php\/wp-json\/wp\/v2\/users\/1"}],"replies":[{"embeddable":true,"href":"https:\/\/sev.cl\/index.php\/wp-json\/wp\/v2\/comments?post=145"}],"version-history":[{"count":7,"href":"https:\/\/sev.cl\/index.php\/wp-json\/wp\/v2\/pages\/145\/revisions"}],"predecessor-version":[{"id":448,"href":"https:\/\/sev.cl\/index.php\/wp-json\/wp\/v2\/pages\/145\/revisions\/448"}],"wp:attachment":[{"href":"https:\/\/sev.cl\/index.php\/wp-json\/wp\/v2\/media?parent=145"}],"curies":[{"name":"wp","href":"https:\/\/api.w.org\/{rel}","templated":true}]}}